{"id":2760,"date":"2022-01-30T18:16:19","date_gmt":"2022-01-30T15:16:19","guid":{"rendered":"https:\/\/www.ckmyaglama.com\/en\/?post_type=product&#038;p=2760"},"modified":"2022-01-30T18:27:28","modified_gmt":"2022-01-30T15:27:28","slug":"ckm-py101-parca-yikama-makinesi","status":"publish","type":"product","link":"https:\/\/www.ckmyaglama.com\/en\/urun\/ckm-py101-parca-yikama-makinesi\/","title":{"rendered":"Ckm PY101 Par\u00e7a Y\u0131kama Makinesi"},"content":{"rendered":"<p>Ckm PY101 Par\u00e7a Y\u0131kama Makinesi<\/p>\n<table class=\"table table-bordered table-striped tableurun\" width=\"100%\">\n<tbody>\n<tr class=\"tableuruntr\">\n<td class=\"fr-tag\">TEKN\u0130K \u00d6ZELL\u0130KLER\u0130<\/td>\n<td class=\"fr-tag\"><\/td>\n<\/tr>\n<tr>\n<td class=\"fr-tag\">Sa\u00e7 Kal\u0131nl\u0131\u011f\u0131<\/td>\n<td class=\"fr-tag\">3mm<\/td>\n<\/tr>\n<tr>\n<td class=\"fr-tag\">Depo Hacmi<\/td>\n<td class=\"fr-tag\">100+50 Lt<\/td>\n<\/tr>\n<tr>\n<td class=\"fr-tag\">\u00c7al\u0131\u015fma Bas\u0131nc\u0131<\/td>\n<td class=\"fr-tag\">4 At\u00fc<\/td>\n<\/tr>\n<tr>\n<td class=\"fr-tag\">Y\u0131kama Haznesi<\/td>\n<td class=\"fr-tag\">46 X 56 X 25 mm<\/td>\n<\/tr>\n<\/tbody>\n<\/table>\n<p>&nbsp;<\/p>\n<p>&nbsp;<\/p>\n<table class=\"table table-bordered table-striped tableurun\" width=\"100%\">\n<tbody>\n<tr class=\"tableuruntr\">\n<td class=\"fr-tag\">\u00dcR\u00dcN<\/td>\n<td class=\"fr-tag\">Koli \u00d6l\u00e7\u00fcleri<\/td>\n<td class=\"fr-tag\">Kolili A\u011f\u0131rl\u0131k<\/td>\n<\/tr>\n<tr>\n<td class=\"fr-tag\">Ckm PY101 Par\u00e7a Y\u0131kama Makinesi<\/td>\n<td class=\"fr-tag\">60 X 60 X 105 cm<\/td>\n<td class=\"fr-tag\">44 kg<\/td>\n<\/tr>\n<\/tbody>\n<\/table>\n","protected":false},"excerpt":{"rendered":"<p><strong><span style=\"color: #ff0000;\">CKM PY101 : <\/span>\u00a0<\/strong>Par\u00e7a Y\u0131kama Makinesi<\/p>\n<p>Genel olarak mekanik par\u00e7alar\u0131n ve bile\u015fenlerin h\u0131zl\u0131 temizli\u011fi i\u00e7in kullan\u0131l\u0131r. Ara\u00e7lar\u0131n ve makinelerin k\u00fc\u00e7\u00fck mekanik par\u00e7alar\u0131, el aleti tamirini kolayla\u015ft\u0131rmak i\u00e7in s\u00f6k\u00fclen par\u00e7alar\u0131n temizli\u011fi ve tak\u0131m tezgah\u0131 par\u00e7alar\u0131n\u0131n temizli\u011fi i\u00e7in basit ve kullan\u0131\u015fl\u0131 bir makinedir. \u00a0Bas\u0131n\u00e7l\u0131 HAVALI sistem sayesinde s\u00fcrekli deterjan ak\u0131\u015f\u0131yla bir f\u0131r\u00e7a kullanarak veya s\u0131n\u0131rl\u0131 bir s\u00fcre devaml\u0131 hava ba\u011flant\u0131s\u0131na gerek duymadan ve dald\u0131rma y\u00f6ntemi ile kullan\u0131labilir. Y\u0131kama i\u00e7in f\u0131r\u00e7as\u0131 mevcut oldu\u011fu gibi kurutmak i\u00e7inde hava tabancas\u0131 vard\u0131r. Tank tahliyesi haval\u0131d\u0131r, emniyet ventili a\u015f\u0131r\u0131 hava bas\u0131n\u00e7lar\u0131na kar\u015f\u0131 koruma sa\u011flar. Yan\u0131c\u0131, patlay\u0131c\u0131 ve parlay\u0131c\u0131 s\u0131v\u0131lar ile kesinlikle kullan\u0131lmamal\u0131d\u0131r.<\/p>\n<p>&nbsp;<\/p>\n","protected":false},"featured_media":2815,"template":"","meta":{"_joinchat":[]},"product_cat":[87],"product_tag":[],"_links":{"self":[{"href":"https:\/\/www.ckmyaglama.com\/en\/wp-json\/wp\/v2\/product\/2760"}],"collection":[{"href":"https:\/\/www.ckmyaglama.com\/en\/wp-json\/wp\/v2\/product"}],"about":[{"href":"https:\/\/www.ckmyaglama.com\/en\/wp-json\/wp\/v2\/types\/product"}],"wp:featuredmedia":[{"embeddable":true,"href":"https:\/\/www.ckmyaglama.com\/en\/wp-json\/wp\/v2\/media\/2815"}],"wp:attachment":[{"href":"https:\/\/www.ckmyaglama.com\/en\/wp-json\/wp\/v2\/media?parent=2760"}],"wp:term":[{"taxonomy":"product_cat","embeddable":true,"href":"https:\/\/www.ckmyaglama.com\/en\/wp-json\/wp\/v2\/product_cat?post=2760"},{"taxonomy":"product_tag","embeddable":true,"href":"https:\/\/www.ckmyaglama.com\/en\/wp-json\/wp\/v2\/product_tag?post=2760"}],"curies":[{"name":"wp","href":"https:\/\/api.w.org\/{rel}","templated":true}]}}